{"id":4644,"date":"2020-12-16T03:05:16","date_gmt":"2020-12-16T01:05:16","guid":{"rendered":"http:\/\/localhost\/pylospoems.com?page_id=4644"},"modified":"2020-12-16T03:06:15","modified_gmt":"2020-12-16T01:06:15","slug":"sammlung-pylos-poems","status":"publish","type":"page","link":"https:\/\/www.pylospoems.com\/de\/sammlung-pylos-poems\/","title":{"rendered":"Sammlung Pylos Poems"},"content":{"rendered":"\t\t<div data-elementor-type=\"wp-page\" data-elementor-id=\"4644\" class=\"elementor elementor-4644 elementor-3356\" data-elementor-settings=\"[]\">\n\t\t\t\t\t\t<div class=\"elementor-inner\">\n\t\t\t\t\t\t\t<div class=\"elementor-section-wrap\">\n\t\t\t\t\t\t\t<section class=\"elementor-section elementor-top-section elementor-element elementor-element-1a699cb elementor-section-content-middle elementor-reverse-mobile elementor-section-boxed elementor-section-height-default elementor-section-height-default\" data-id=\"1a699cb\" data-element_type=\"section\">\n\t\t\t\t\t\t<div class=\"elementor-container elementor-column-gap-default\">\n\t\t\t\t\t\t\t<div class=\"elementor-row\">\n\t\t\t\t\t<div class=\"elementor-column elementor-col-50 elementor-top-column elementor-element elementor-element-da85d95\" data-id=\"da85d95\" data-element_type=\"column\">\n\t\t\t<div class=\"elementor-column-wrap elementor-element-populated\">\n\t\t\t\t\t\t\t<div class=\"elementor-widget-wrap\">\n\t\t\t\t\t\t<div class=\"elementor-element elementor-element-d4f66b9 elementor-widget elementor-widget-image\" data-id=\"d4f66b9\" data-element_type=\"widget\" data-widget_type=\"image.default\">\n\t\t\t\t<div class=\"elementor-widget-container\">\n\t\t\t\t\t<div class=\"elementor-image\">\n\t\t\t\t\t\t\t\t\t\t<img width=\"350\" height=\"233\" src=\"https:\/\/www.pylospoems.com\/wp-content\/uploads\/2020\/12\/Pylos-poems-collection-Ultra-Premium-Extra-Virgin-Oile-Oil-Olives.jpg\" class=\"attachment-full size-full\" alt=\"Pylos Poems collection - Ultra Premium Extra Virgin Oile Oil - Olives\" loading=\"lazy\" srcset=\"https:\/\/www.pylospoems.com\/wp-content\/uploads\/2020\/12\/Pylos-poems-collection-Ultra-Premium-Extra-Virgin-Oile-Oil-Olives.jpg 350w, https:\/\/www.pylospoems.com\/wp-content\/uploads\/2020\/12\/Pylos-poems-collection-Ultra-Premium-Extra-Virgin-Oile-Oil-Olives-300x200.jpg 300w, https:\/\/www.pylospoems.com\/wp-content\/uploads\/2020\/12\/Pylos-poems-collection-Ultra-Premium-Extra-Virgin-Oile-Oil-Olives-100x67.jpg 100w\" sizes=\"(max-width: 350px) 100vw, 350px\" \/>\t\t\t\t\t\t\t\t\t\t\t<\/div>\n\t\t\t\t<\/div>\n\t\t\t\t<\/div>\n\t\t\t\t\t\t<\/div>\n\t\t\t\t\t<\/div>\n\t\t<\/div>\n\t\t\t\t<div class=\"elementor-column elementor-col-50 elementor-top-column elementor-element elementor-element-ff1ba38\" data-id=\"ff1ba38\" data-element_type=\"column\">\n\t\t\t<div class=\"elementor-column-wrap elementor-element-populated\">\n\t\t\t\t\t\t\t<div class=\"elementor-widget-wrap\">\n\t\t\t\t\t\t<div class=\"elementor-element elementor-element-12a7d5c elementor-widget elementor-widget-text-editor\" data-id=\"12a7d5c\" data-element_type=\"widget\" data-widget_type=\"text-editor.default\">\n\t\t\t\t<div class=\"elementor-widget-container\">\n\t\t\t\t\t<div class=\"elementor-text-editor elementor-clearfix\"><p>Wir nennen unsere Sammlung \u201aPylos Poems\u2018 weil wir die Aromen die in der Sammlung beinhaltet sind gr\u00fcndlich ausw\u00e4hlen, wie die Texte eines wundersch\u00f6nes Land- inspiriertes Gedichtes.<\/p><p>Klassische Aromen wie Oliven\u00f6l und Oliven in einer eleganten Verpackung, hohen N\u00e4hrwert, vorteilhaft f\u00fcr die Gesundheit f\u00fcr alle, die aus dem starken mediterranen Geschmack und der Tradition des Messinischen Landes auf dem Tisch in der ganzen Welt verf\u00fcgbar sind.<\/p><\/div>\n\t\t\t\t<\/div>\n\t\t\t\t<\/div>\n\t\t\t\t\t\t<\/div>\n\t\t\t\t\t<\/div>\n\t\t<\/div>\n\t\t\t\t\t\t\t\t<\/div>\n\t\t\t\t\t<\/div>\n\t\t<\/section>\n\t\t\t\t<section class=\"elementor-section elementor-top-section elementor-element elementor-element-7aa54cc elementor-section-content-middle elementor-section-boxed elementor-section-height-default elementor-section-height-default\" data-id=\"7aa54cc\" data-element_type=\"section\">\n\t\t\t\t\t\t<div class=\"elementor-container elementor-column-gap-default\">\n\t\t\t\t\t\t\t<div class=\"elementor-row\">\n\t\t\t\t\t<div class=\"elementor-column elementor-col-50 elementor-top-column elementor-element elementor-element-d058220\" data-id=\"d058220\" data-element_type=\"column\">\n\t\t\t<div class=\"elementor-column-wrap elementor-element-populated\">\n\t\t\t\t\t\t\t<div class=\"elementor-widget-wrap\">\n\t\t\t\t\t\t<div class=\"elementor-element elementor-element-2cae865 custom-quote-title elementor-widget elementor-widget-heading\" data-id=\"2cae865\" data-element_type=\"widget\" data-widget_type=\"heading.default\">\n\t\t\t\t<div class=\"elementor-widget-container\">\n\t\t\t<h3 class=\"elementor-heading-title elementor-size-default\">Die Sammlung ist mit einem unantastbaren Kriterium bereichert, Liebe zum Detail und nur das Beste verdient die Signatur \u201aPylos Poems\u2018.<\/h3>\t\t<\/div>\n\t\t\t\t<\/div>\n\t\t\t\t\t\t<\/div>\n\t\t\t\t\t<\/div>\n\t\t<\/div>\n\t\t\t\t<div class=\"elementor-column elementor-col-50 elementor-top-column elementor-element elementor-element-acbe798\" data-id=\"acbe798\" data-element_type=\"column\">\n\t\t\t<div class=\"elementor-column-wrap elementor-element-populated\">\n\t\t\t\t\t\t\t<div class=\"elementor-widget-wrap\">\n\t\t\t\t\t\t<div class=\"elementor-element elementor-element-9fad67e elementor-widget elementor-widget-image\" data-id=\"9fad67e\" data-element_type=\"widget\" data-widget_type=\"image.default\">\n\t\t\t\t<div class=\"elementor-widget-container\">\n\t\t\t\t\t<div class=\"elementor-image\">\n\t\t\t\t\t\t\t\t\t\t<img width=\"350\" height=\"200\" src=\"https:\/\/www.pylospoems.com\/wp-content\/uploads\/2020\/12\/Olive-Oil-grove-pylos-poems-collection.jpg\" class=\"attachment-large size-large\" alt=\"Olive Oil grove - Pylos Poems collection\" loading=\"lazy\" srcset=\"https:\/\/www.pylospoems.com\/wp-content\/uploads\/2020\/12\/Olive-Oil-grove-pylos-poems-collection.jpg 350w, https:\/\/www.pylospoems.com\/wp-content\/uploads\/2020\/12\/Olive-Oil-grove-pylos-poems-collection-300x171.jpg 300w, https:\/\/www.pylospoems.com\/wp-content\/uploads\/2020\/12\/Olive-Oil-grove-pylos-poems-collection-100x57.jpg 100w\" sizes=\"(max-width: 350px) 100vw, 350px\" \/>\t\t\t\t\t\t\t\t\t\t\t<\/div>\n\t\t\t\t<\/div>\n\t\t\t\t<\/div>\n\t\t\t\t\t\t<\/div>\n\t\t\t\t\t<\/div>\n\t\t<\/div>\n\t\t\t\t\t\t\t\t<\/div>\n\t\t\t\t\t<\/div>\n\t\t<\/section>\n\t\t\t\t\t\t<\/div>\n\t\t\t\t\t\t<\/div>\n\t\t\t\t\t<\/div>\n\t\t","protected":false},"excerpt":{"rendered":"<p>Wir nennen unsere Sammlung \u201aPylos Poems\u2018 weil wir die Aromen die in der Sammlung beinhaltet sind gr\u00fcndlich ausw\u00e4hlen, wie die Texte eines wundersch\u00f6nes Land- inspiriertes Gedichtes. Klassische Aromen wie Oliven\u00f6l und Oliven in einer eleganten Verpackung, hohen N\u00e4hrwert, vorteilhaft f\u00fcr die Gesundheit f\u00fcr alle, die aus dem starken mediterranen Geschmack und der Tradition des Messinischen [&hellip;]<\/p>\n","protected":false},"author":2,"featured_media":0,"parent":0,"menu_order":0,"comment_status":"closed","ping_status":"closed","template":"","meta":[],"yoast_head":"<!-- This site is optimized with the Yoast SEO plugin v15.7 - https:\/\/yoast.com\/wordpress\/plugins\/seo\/ -->\n<title>Sammlung Pylos Poems - Pylos Poems<\/title>\n<meta name=\"robots\" content=\"index, follow, max-snippet:-1, max-image-preview:large, max-video-preview:-1\" \/>\n<link rel=\"canonical\" href=\"https:\/\/www.pylospoems.com\/de\/sammlung-pylos-poems\/\" \/>\n<meta property=\"og:locale\" content=\"de_DE\" \/>\n<meta property=\"og:type\" content=\"article\" \/>\n<meta property=\"og:title\" content=\"Sammlung Pylos Poems - Pylos Poems\" \/>\n<meta property=\"og:description\" content=\"Wir nennen unsere Sammlung \u201aPylos Poems\u2018 weil wir die Aromen die in der Sammlung beinhaltet sind gr\u00fcndlich ausw\u00e4hlen, wie die Texte eines wundersch\u00f6nes Land- inspiriertes Gedichtes. Klassische Aromen wie Oliven\u00f6l und Oliven in einer eleganten Verpackung, hohen N\u00e4hrwert, vorteilhaft f\u00fcr die Gesundheit f\u00fcr alle, die aus dem starken mediterranen Geschmack und der Tradition des Messinischen [&hellip;]\" \/>\n<meta property=\"og:url\" content=\"https:\/\/www.pylospoems.com\/de\/sammlung-pylos-poems\/\" \/>\n<meta property=\"og:site_name\" content=\"Pylos Poems\" \/>\n<meta property=\"article:publisher\" content=\"https:\/\/www.facebook.com\/pylospoems\" \/>\n<meta property=\"article:modified_time\" content=\"2020-12-16T01:06:15+00:00\" \/>\n<meta property=\"og:image\" content=\"https:\/\/www.pylospoems.com\/wp-content\/uploads\/2020\/12\/Pylos-poems-collection-Ultra-Premium-Extra-Virgin-Oile-Oil-Olives.jpg\" \/>\n<meta name=\"twitter:card\" content=\"summary_large_image\" \/>\n<script type=\"application\/ld+json\" class=\"yoast-schema-graph\">{\"@context\":\"https:\/\/schema.org\",\"@graph\":[{\"@type\":\"Organization\",\"@id\":\"https:\/\/www.pylospoems.com\/#organization\",\"name\":\"Pylos Poems\",\"url\":\"https:\/\/www.pylospoems.com\/\",\"sameAs\":[\"https:\/\/www.facebook.com\/pylospoems\",\"https:\/\/www.instagram.com\/pylospoems\/\"],\"logo\":{\"@type\":\"ImageObject\",\"@id\":\"https:\/\/www.pylospoems.com\/#logo\",\"inLanguage\":\"de\",\"url\":\"https:\/\/www.pylospoems.com\/wp-content\/uploads\/2020\/12\/Pylos-Poems-Traditional-Premium-Foods-Favicon.png\",\"width\":512,\"height\":512,\"caption\":\"Pylos Poems\"},\"image\":{\"@id\":\"https:\/\/www.pylospoems.com\/#logo\"}},{\"@type\":\"WebSite\",\"@id\":\"https:\/\/www.pylospoems.com\/#website\",\"url\":\"https:\/\/www.pylospoems.com\/\",\"name\":\"Pylos Poems\",\"description\":\"Traditional Premium Foods\",\"publisher\":{\"@id\":\"https:\/\/www.pylospoems.com\/#organization\"},\"potentialAction\":[{\"@type\":\"SearchAction\",\"target\":\"https:\/\/www.pylospoems.com\/?s={search_term_string}\",\"query-input\":\"required name=search_term_string\"}],\"inLanguage\":\"de\"},{\"@type\":\"ImageObject\",\"@id\":\"https:\/\/www.pylospoems.com\/de\/sammlung-pylos-poems\/#primaryimage\",\"inLanguage\":\"de\",\"url\":\"https:\/\/www.pylospoems.com\/wp-content\/uploads\/2020\/12\/Pylos-poems-collection-Ultra-Premium-Extra-Virgin-Oile-Oil-Olives.jpg\",\"width\":350,\"height\":233,\"caption\":\"Pylos Poems collection - Ultra Premium Extra Virgin Oile Oil - Olives\"},{\"@type\":\"WebPage\",\"@id\":\"https:\/\/www.pylospoems.com\/de\/sammlung-pylos-poems\/#webpage\",\"url\":\"https:\/\/www.pylospoems.com\/de\/sammlung-pylos-poems\/\",\"name\":\"Sammlung Pylos Poems - Pylos Poems\",\"isPartOf\":{\"@id\":\"https:\/\/www.pylospoems.com\/#website\"},\"primaryImageOfPage\":{\"@id\":\"https:\/\/www.pylospoems.com\/de\/sammlung-pylos-poems\/#primaryimage\"},\"datePublished\":\"2020-12-16T01:05:16+00:00\",\"dateModified\":\"2020-12-16T01:06:15+00:00\",\"inLanguage\":\"de\",\"potentialAction\":[{\"@type\":\"ReadAction\",\"target\":[\"https:\/\/www.pylospoems.com\/de\/sammlung-pylos-poems\/\"]}]}]}<\/script>\n<!-- \/ Yoast SEO plugin. -->","_links":{"self":[{"href":"https:\/\/www.pylospoems.com\/de\/wp-json\/wp\/v2\/pages\/4644"}],"collection":[{"href":"https:\/\/www.pylospoems.com\/de\/wp-json\/wp\/v2\/pages"}],"about":[{"href":"https:\/\/www.pylospoems.com\/de\/wp-json\/wp\/v2\/types\/page"}],"author":[{"embeddable":true,"href":"https:\/\/www.pylospoems.com\/de\/wp-json\/wp\/v2\/users\/2"}],"replies":[{"embeddable":true,"href":"https:\/\/www.pylospoems.com\/de\/wp-json\/wp\/v2\/comments?post=4644"}],"version-history":[{"count":7,"href":"https:\/\/www.pylospoems.com\/de\/wp-json\/wp\/v2\/pages\/4644\/revisions"}],"predecessor-version":[{"id":4651,"href":"https:\/\/www.pylospoems.com\/de\/wp-json\/wp\/v2\/pages\/4644\/revisions\/4651"}],"wp:attachment":[{"href":"https:\/\/www.pylospoems.com\/de\/wp-json\/wp\/v2\/media?parent=4644"}],"curies":[{"name":"wp","href":"https:\/\/api.w.org\/{rel}","templated":true}]}}